{"id":136,"date":"2024-04-08T09:16:44","date_gmt":"2024-04-08T09:16:44","guid":{"rendered":"https:\/\/automatica2024.unibz.it\/?page_id=136"},"modified":"2024-09-12T17:14:07","modified_gmt":"2024-09-12T17:14:07","slug":"committees","status":"publish","type":"page","link":"https:\/\/automatica2024.unibz.it\/?page_id=136","title":{"rendered":"Committees"},"content":{"rendered":"\n<h3 class=\"wp-block-heading has-text-align-center\"><strong>General Chairs<\/strong><\/h3>\n\n\n\n<p class=\"has-text-align-center\">Angelika PEER&nbsp;&#8211;&nbsp;<strong>Chair<\/strong><\/p>\n\n\n\n<p class=\"has-text-align-center\">Karl VON ELLENRIEDER &#8211;&nbsp;<strong>Co-chair<\/strong><\/p>\n\n\n\n<h3 class=\"wp-block-heading has-text-align-center\"><strong>SIDRA Executive Board<\/strong><\/h3>\n\n\n\n<p class=\"has-text-align-center\">Sauro LONGHI (Universit\u00e0 Politecnica delle Marche) &#8211; <strong>President<\/strong><\/p>\n\n\n\n<p class=\"has-text-align-center\">Maide BUCOLO (Universit\u00e0 degli Studi di Catania)<\/p>\n\n\n\n<p class=\"has-text-align-center\">Alberto CAVALLO (Universit\u00e0 degli Studi della Campania)<\/p>\n\n\n\n<p class=\"has-text-align-center\">Alberto LEVA (Politecnico di Milano)<\/p>\n\n\n\n<p class=\"has-text-align-center\">Simona SACONE (Universit\u00e0 degli Studi di Genova)<\/p>\n\n\n\n<h3 class=\"wp-block-heading has-text-align-center\"><strong>Program Committee<\/strong><\/h3>\n\n\n\n<p class=\"has-text-align-center\">Andrea BISOFFI (Politecnico di Milano)<\/p>\n\n\n\n<p class=\"has-text-align-center\">Franco BLANCHINI (Universit\u00e0 di Udine)<\/p>\n\n\n\n<p class=\"has-text-align-center\">Maide BUCOLO (Universit\u00e0 degli Studi di Catania) &#8211; CHAIR<\/p>\n\n\n\n<p class=\"has-text-align-center\">Massimo CANALE (Politecnico di Torino)<\/p>\n\n\n\n<p class=\"has-text-align-center\">Laura CELENTANO (Universit\u00e0 degli Studi di Napoli Federico II)<\/p>\n\n\n\n<p class=\"has-text-align-center\">Claudio CARNEVALE (Universit\u00e0 degli Studi di Brescia)<\/p>\n\n\n\n<p class=\"has-text-align-center\">Luca CONSOLINI (Universit\u00e0 di Parma)<\/p>\n\n\n\n<p class=\"has-text-align-center\">Matteo CORNO (Politecnico di Milano)<\/p>\n\n\n\n<p class=\"has-text-align-center\">Letizia CORRADINI (Universit\u00e0 di Camerino)<\/p>\n\n\n\n<p class=\"has-text-align-center\">Gabriele COSTANTE (Universit\u00e0 di Perugia)<\/p>\n\n\n\n<p class=\"has-text-align-center\">Riccardo COSTANZI (Universit\u00e0 degli Studi di Pisa)<\/p>\n\n\n\n<p class=\"has-text-align-center\">Alessandro DI GIORGIO (Universit\u00e0 di Roma \u201cLa Sapienza\u201d)<\/p>\n\n\n\n<p class=\"has-text-align-center\">Roberto DIVERSI (Universit\u00e0 degli Studi di Bologna)<\/p>\n\n\n\n<p class=\"has-text-align-center\">Giuseppe FEDELE (Universit\u00e0 della Calabria)<\/p>\n\n\n\n<p class=\"has-text-align-center\">Marco FREGO (Libera Universit\u00e0 di Bozen-Bolzano)<\/p>\n\n\n\n<p class=\"has-text-align-center\">Antonio FERRAMOSCA (Universit\u00e0 di Bergamo)<\/p>\n\n\n\n<p class=\"has-text-align-center\">Filippo D&#8217;IPPOLITO (Universit\u00e0 degli Studi di Palermo)<\/p>\n\n\n\n<p class=\"has-text-align-center\">Giuseppe FUSCO (Universit\u00e0 di Cassino)<\/p>\n\n\n\n<p class=\"has-text-align-center\">Sergio GALEANI (Universit\u00e0 di Roma &#8220;Tor Vergata&#8221;)<\/p>\n\n\n\n<p class=\"has-text-align-center\">Andrea GASPARRI (Universit\u00e0 degli Studi Roma Tre)<\/p>\n\n\n\n<p class=\"has-text-align-center\">Daniela IACOVIELLO (Universit\u00e0 di Roma \u201cLa Sapienza\u201d)<\/p>\n\n\n\n<p class=\"has-text-align-center\">Davide LIUZZA (Universit\u00e0 degli Studi del Sannio)<\/p>\n\n\n\n<p class=\"has-text-align-center\">Alessandro MACCHELLI (Universit\u00e0 degli Studi di Bologna)<\/p>\n\n\n\n<p class=\"has-text-align-center\">Costanzo MANES (Universit\u00e0 degli Studi de L\u2019Aquila)<\/p>\n\n\n\n<p class=\"has-text-align-center\">Agostino MANGINI (Politecnico di Bari)<\/p>\n\n\n\n<p class=\"has-text-align-center\">Chiara MOCENNI (Universit\u00e0 di Siena)<\/p>\n\n\n\n<p class=\"has-text-align-center\">Andrea MONTERI\u00d9 (Universit\u00e0 Politecnica delle Marche)<\/p>\n\n\n\n<p class=\"has-text-align-center\">Gabriele OLIVA (Universit\u00e0 di Campus Biomedico)<\/p>\n\n\n\n<p class=\"has-text-align-center\">Valentina ORSINI (Universit\u00e0 Politecnica delle Marche)<\/p>\n\n\n\n<p class=\"has-text-align-center\">Luca PATANE (Universit\u00e0 di Messina)<\/p>\n\n\n\n<p class=\"has-text-align-center\">Salvatore PEDONE (Universit\u00e0 degli Studi di Palermo)<\/p>\n\n\n\n<p class=\"has-text-align-center\">Francesco PIERRI (Universit\u00e0 della Basilicata)<\/p>\n\n\n\n<p class=\"has-text-align-center\">Salvatore PIROZZI (Universit\u00e0 di Campania Vanvitelli)<\/p>\n\n\n\n<p class=\"has-text-align-center\">Chiara RAVAZZI (CNR-IEIIT)<\/p>\n\n\n\n<p class=\"has-text-align-center\">Alessandro RIZZO (Politecnico di Torino)<\/p>\n\n\n\n<p class=\"has-text-align-center\">Michela ROBBA (Universit\u00e0 degli Studi di Genova)<\/p>\n\n\n\n<p class=\"has-text-align-center\">Giovanni RUSSO (Universit\u00e0 di Salerno)<\/p>\n\n\n\n<p class=\"has-text-align-center\">Erica SALVATO (Universit\u00e0 degli Studi di Trieste)<\/p>\n\n\n\n<p class=\"has-text-align-center\">Gionata SALVIETTI (Universit\u00e0 di Siena)<\/p>\n\n\n\n<p class=\"has-text-align-center\">Matteo SAVERIANO (Universit\u00e0 di Trento)<\/p>\n\n\n\n<p class=\"has-text-align-center\">Silvio SIMANI (Universit\u00e0 degli Studi di Ferrara)<\/p>\n\n\n\n<p class=\"has-text-align-center\">Simone PAOLETTI (Universit\u00e0 di Siena)<\/p>\n\n\n\n<p class=\"has-text-align-center\">Andrea del PRETE (Universit\u00e0 di Trento)<\/p>\n\n\n\n<p class=\"has-text-align-center\">Gaetano TARTAGLIONE (Universit\u00e0 di Napoli Parthenope)<\/p>\n\n\n\n<p class=\"has-text-align-center\">Davide TEBALDI (Universit\u00e0 degli Studi di Modena e Reggio Emilia)<\/p>\n\n\n\n<p class=\"has-text-align-center\">Pietro TESI (Universit\u00e0 degli Studi di Firenze)<\/p>\n\n\n\n<p class=\"has-text-align-center\">Chiara TOFFANIN (Universit\u00e0 degli Studi di Pavia)<\/p>\n\n\n\n<p class=\"has-text-align-center\">Mario ZANON (Universit\u00e0 IMT Lucca)<\/p>\n\n\n\n<p class=\"has-text-align-center\">Mattia ZORZI (Universit\u00e0 degli Studi di Padova)<\/p>\n\n\n\n<h3 class=\"wp-block-heading has-text-align-center\"><strong>Awards Committee<\/strong><\/h3>\n\n\n\n<p class=\"has-text-align-center\">Claudia CALIFANO (Universit\u00e0 degli Studi di Roma &#8220;La Sapienza&#8221;)<\/p>\n\n\n\n<p class=\"has-text-align-center\">Adriano FAGIOLINI (Universit\u00e0 degli Studi di Palermo)<\/p>\n\n\n\n<p class=\"has-text-align-center\">Paolo ROCCO (Politecnico di Milano)<\/p>\n\n\n\n<p class=\"has-text-align-center\">Lucia Valentina GAMBUZZA (Universit\u00e0 di Catania)<\/p>\n\n\n\n<p class=\"has-text-align-center\">Sophie FOSSON (Politecnico di Torino)<\/p>\n\n\n\n<p class=\"has-text-align-center\">Riccardo MURADORE (Universit\u00e0 di Verona)<\/p>\n\n\n\n<h3 class=\"wp-block-heading has-text-align-center\"><strong>Local Organizing Committee<\/strong><\/h3>\n\n\n\n<p class=\"has-text-align-center\">Angelika PEER (Free University of Bozen-Bolzano)<\/p>\n\n\n\n<p class=\"has-text-align-center\">Karl VON ELLENRIEDER (Free University of Bozen-Bolzano)<\/p>\n\n\n\n<p class=\"has-text-align-center\">Marco FREGO (Free University of Bozen-Bolzano)<\/p>\n\n\n\n<p class=\"has-text-align-center\">Seyed Mohsen HOSSEINI (Free University of Bozen-Bolzano)<\/p>\n\n\n\n<p class=\"has-text-align-center\">Marco CAMURRI (Free University of Bozen-Bolzano)<\/p>\n","protected":false},"excerpt":{"rendered":"<p>General Chairs Angelika PEER&nbsp;&#8211;&nbsp;Chair Karl VON ELLENRIEDER &#8211;&nbsp;Co-chair SIDRA Executive Board Sauro LONGHI (Universit\u00e0 Politecnica delle Marche) &#8211; President Maide BUCOLO (Universit\u00e0 degli Studi di Catania) Alberto CAVALLO (Universit\u00e0 degli Studi della Campania) Alberto LEVA (Politecnico di Milano) Simona SACONE (Universit\u00e0 degli Studi di Genova) Program Committee Andrea BISOFFI (Politecnico di Milano) Franco BLANCHINI (Universit\u00e0 &hellip; <\/p>\n<p class=\"link-more\"><a href=\"https:\/\/automatica2024.unibz.it\/?page_id=136\" class=\"more-link\">Continue reading<span class=\"screen-reader-text\"> &#8220;Committees&#8221;<\/span><\/a><\/p>\n","protected":false},"author":9,"featured_media":0,"parent":0,"menu_order":0,"comment_status":"closed","ping_status":"closed","template":"","meta":{"footnotes":""},"class_list":["post-136","page","type-page","status-publish","hentry"],"_links":{"self":[{"href":"https:\/\/automatica2024.unibz.it\/index.php?rest_route=\/wp\/v2\/pages\/136","targetHints":{"allow":["GET"]}}],"collection":[{"href":"https:\/\/automatica2024.unibz.it\/index.php?rest_route=\/wp\/v2\/pages"}],"about":[{"href":"https:\/\/automatica2024.unibz.it\/index.php?rest_route=\/wp\/v2\/types\/page"}],"author":[{"embeddable":true,"href":"https:\/\/automatica2024.unibz.it\/index.php?rest_route=\/wp\/v2\/users\/9"}],"replies":[{"embeddable":true,"href":"https:\/\/automatica2024.unibz.it\/index.php?rest_route=%2Fwp%2Fv2%2Fcomments&post=136"}],"version-history":[{"count":39,"href":"https:\/\/automatica2024.unibz.it\/index.php?rest_route=\/wp\/v2\/pages\/136\/revisions"}],"predecessor-version":[{"id":618,"href":"https:\/\/automatica2024.unibz.it\/index.php?rest_route=\/wp\/v2\/pages\/136\/revisions\/618"}],"wp:attachment":[{"href":"https:\/\/automatica2024.unibz.it\/index.php?rest_route=%2Fwp%2Fv2%2Fmedia&parent=136"}],"curies":[{"name":"wp","href":"https:\/\/api.w.org\/{rel}","templated":true}]}}